{"id":18436,"date":"2020-11-07T16:12:29","date_gmt":"2020-11-07T15:12:29","guid":{"rendered":"https:\/\/villasoccitanes.com\/terms-and-conditions\/"},"modified":"2026-03-22T11:54:05","modified_gmt":"2026-03-22T10:54:05","slug":"terms-and-conditions","status":"publish","type":"page","link":"https:\/\/villasoccitanes.com\/en\/terms-and-conditions\/","title":{"rendered":"Terms and Conditions"},"content":{"rendered":"\t\t<div data-elementor-type=\"wp-page\" data-elementor-id=\"18436\" class=\"elementor elementor-18436 elementor-8895\" data-elementor-post-type=\"page\">\n\t\t\t\t\t\t<section class=\"elementor-section elementor-top-section elementor-element elementor-element-5ff1169 elementor-section-height-min-height elementor-section-boxed elementor-section-height-default elementor-section-items-middle\" data-id=\"5ff1169\" data-element_type=\"section\" data-e-type=\"section\" data-settings=\"{&quot;background_background&quot;:&quot;classic&quot;}\">\n\t\t\t\t\t\t<div class=\"elementor-container elementor-column-gap-default\">\n\t\t\t\t\t<div class=\"elementor-column elementor-col-100 elementor-top-column elementor-element elementor-element-cab2598\" data-id=\"cab2598\" data-element_type=\"column\" data-e-type=\"column\">\n\t\t\t<div class=\"elementor-widget-wrap elementor-element-populated\">\n\t\t\t\t\t\t<div class=\"elementor-element elementor-element-7566484 elementor-widget elementor-widget-heading\" data-id=\"7566484\" data-element_type=\"widget\" data-e-type=\"widget\" data-widget_type=\"heading.default\">\n\t\t\t\t<div class=\"elementor-widget-container\">\n\t\t\t\t\t<h1 class=\"elementor-heading-title elementor-size-default\">Nos conditions commerciales<\/h1>\t\t\t\t<\/div>\n\t\t\t\t<\/div>\n\t\t\t\t\t<\/div>\n\t\t<\/div>\n\t\t\t\t\t<\/div>\n\t\t<\/section>\n\t\t\t\t<section class=\"elementor-section elementor-top-section elementor-element elementor-element-36790bb elementor-section-boxed elementor-section-height-default elementor-section-height-default\" data-id=\"36790bb\" data-element_type=\"section\" data-e-type=\"section\">\n\t\t\t\t\t\t<div class=\"elementor-container elementor-column-gap-default\">\n\t\t\t\t\t<div class=\"elementor-column elementor-col-100 elementor-top-column elementor-element elementor-element-cc4c10b\" data-id=\"cc4c10b\" data-element_type=\"column\" data-e-type=\"column\">\n\t\t\t<div class=\"elementor-widget-wrap elementor-element-populated\">\n\t\t\t\t\t\t<div class=\"elementor-element elementor-element-3122418 elementor-widget elementor-widget-heading\" data-id=\"3122418\" data-element_type=\"widget\" data-e-type=\"widget\" data-widget_type=\"heading.default\">\n\t\t\t\t<div class=\"elementor-widget-container\">\n\t\t\t\t\t<h1 class=\"elementor-heading-title elementor-size-default\">Conditions commerciales<\/h1>\t\t\t\t<\/div>\n\t\t\t\t<\/div>\n\t\t\t\t<div class=\"elementor-element elementor-element-0f0d9de elementor-widget elementor-widget-heading\" data-id=\"0f0d9de\" data-element_type=\"widget\" data-e-type=\"widget\" data-widget_type=\"heading.default\">\n\t\t\t\t<div class=\"elementor-widget-container\">\n\t\t\t\t\t<h4 class=\"elementor-heading-title elementor-size-default\">Conditions pour toutes les villas<\/h4>\t\t\t\t<\/div>\n\t\t\t\t<\/div>\n\t\t\t\t<section class=\"elementor-section elementor-inner-section elementor-element elementor-element-3a3e1b0 elementor-section-boxed elementor-section-height-default elementor-section-height-default\" data-id=\"3a3e1b0\" data-element_type=\"section\" data-e-type=\"section\">\n\t\t\t\t\t\t<div class=\"elementor-container elementor-column-gap-default\">\n\t\t\t\t\t<div class=\"elementor-column elementor-col-50 elementor-inner-column elementor-element elementor-element-c3ca883\" data-id=\"c3ca883\" data-element_type=\"column\" data-e-type=\"column\">\n\t\t\t<div class=\"elementor-widget-wrap\">\n\t\t\t\t\t\t\t<\/div>\n\t\t<\/div>\n\t\t\t\t<div class=\"elementor-column elementor-col-50 elementor-inner-column elementor-element elementor-element-ead38a2\" data-id=\"ead38a2\" data-element_type=\"column\" data-e-type=\"column\">\n\t\t\t<div class=\"elementor-widget-wrap\">\n\t\t\t\t\t\t\t<\/div>\n\t\t<\/div>\n\t\t\t\t\t<\/div>\n\t\t<\/section>\n\t\t\t\t<section class=\"elementor-section elementor-inner-section elementor-element elementor-element-16f8b52 elementor-section-boxed elementor-section-height-default elementor-section-height-default\" data-id=\"16f8b52\" data-element_type=\"section\" data-e-type=\"section\">\n\t\t\t\t\t\t<div class=\"elementor-container elementor-column-gap-default\">\n\t\t\t\t\t<div class=\"elementor-column elementor-col-33 elementor-inner-column elementor-element elementor-element-dc537a3\" data-id=\"dc537a3\" data-element_type=\"column\" data-e-type=\"column\">\n\t\t\t<div class=\"elementor-widget-wrap elementor-element-populated\">\n\t\t\t\t\t\t<div class=\"elementor-element elementor-element-d214d3a elementor-widget elementor-widget-heading\" data-id=\"d214d3a\" data-element_type=\"widget\" data-e-type=\"widget\" data-widget_type=\"heading.default\">\n\t\t\t\t<div class=\"elementor-widget-container\">\n\t\t\t\t\t<h4 class=\"elementor-heading-title elementor-size-default\">\nLocation \u00e0 la semaine<\/h4>\t\t\t\t<\/div>\n\t\t\t\t<\/div>\n\t\t\t\t<div class=\"elementor-element elementor-element-75a9e4c elementor-widget elementor-widget-text-editor\" data-id=\"75a9e4c\" data-element_type=\"widget\" data-e-type=\"widget\" data-widget_type=\"text-editor.default\">\n\t\t\t\t<div class=\"elementor-widget-container\">\n\t\t\t\t\t\t\t\t\t<ul><li><h5>Se reporter aux tarifs indiqu\u00e9s pour chaque villa.<\/h5><\/li><li><h5><em> Minimum 3 nuit\u00e9es pour la p\u00e9riode de janvier \u00e0 mi-juin. Minimum 7 nuit\u00e9es de mi- juin \u00e0 septembre.<\/em><\/h5><\/li><\/ul>\t\t\t\t\t\t\t\t<\/div>\n\t\t\t\t<\/div>\n\t\t\t\t\t<\/div>\n\t\t<\/div>\n\t\t\t\t<div class=\"elementor-column elementor-col-33 elementor-inner-column elementor-element elementor-element-62a62a8\" data-id=\"62a62a8\" data-element_type=\"column\" data-e-type=\"column\">\n\t\t\t<div class=\"elementor-widget-wrap elementor-element-populated\">\n\t\t\t\t\t\t<div class=\"elementor-element elementor-element-893b234 elementor-widget elementor-widget-heading\" data-id=\"893b234\" data-element_type=\"widget\" data-e-type=\"widget\" data-widget_type=\"heading.default\">\n\t\t\t\t<div class=\"elementor-widget-container\">\n\t\t\t\t\t<h4 class=\"elementor-heading-title elementor-size-default\">\nLocation par week-end<\/h4>\t\t\t\t<\/div>\n\t\t\t\t<\/div>\n\t\t\t\t<div class=\"elementor-element elementor-element-e7d3de8 elementor-widget elementor-widget-text-editor\" data-id=\"e7d3de8\" data-element_type=\"widget\" data-e-type=\"widget\" data-widget_type=\"text-editor.default\">\n\t\t\t\t<div class=\"elementor-widget-container\">\n\t\t\t\t\t\t\t\t\t<ul><li><h5>Se reporter aux tarifs indiqu\u00e9s pour chaque villa.<\/h5><\/li><li><h5><em> Disponible du vendredi 18h au dimanche 14h.<\/em><\/h5><\/li><li><h5>Tarifs sp\u00e9ciaux pendant les vacances scolaires.<\/h5><\/li><\/ul>\t\t\t\t\t\t\t\t<\/div>\n\t\t\t\t<\/div>\n\t\t\t\t\t<\/div>\n\t\t<\/div>\n\t\t\t\t<div class=\"elementor-column elementor-col-33 elementor-inner-column elementor-element elementor-element-fea99f4\" data-id=\"fea99f4\" data-element_type=\"column\" data-e-type=\"column\">\n\t\t\t<div class=\"elementor-widget-wrap elementor-element-populated\">\n\t\t\t\t\t\t<div class=\"elementor-element elementor-element-580c0d3 elementor-widget elementor-widget-heading\" data-id=\"580c0d3\" data-element_type=\"widget\" data-e-type=\"widget\" data-widget_type=\"heading.default\">\n\t\t\t\t<div class=\"elementor-widget-container\">\n\t\t\t\t\t<h4 class=\"elementor-heading-title elementor-size-default\">\nLocation court s\u00e9jour<\/h4>\t\t\t\t<\/div>\n\t\t\t\t<\/div>\n\t\t\t\t<div class=\"elementor-element elementor-element-f5c9f8d elementor-widget elementor-widget-text-editor\" data-id=\"f5c9f8d\" data-element_type=\"widget\" data-e-type=\"widget\" data-widget_type=\"text-editor.default\">\n\t\t\t\t<div class=\"elementor-widget-container\">\n\t\t\t\t\t\t\t\t\t<ul><li><h5>Un prix pour toutes les villas pour 3 nuit\u00e9es minimum (m\u00e9nage non inclus).<\/h5><ul><li><h5><em>\u00a0Les Buis 600<\/em><em>\u20ac<\/em><\/h5><\/li><li><h5><em>\u00a0Les Cayrous 600\u20ac\u00a0<\/em><\/h5><\/li><li><h5><em>Les Ch\u00eanes 600<\/em><em>\u20ac<\/em><\/h5><\/li><li><h5><em>Laviste 600<\/em><em>\u20ac<\/em><\/h5><\/li><li><h5><em>Les Palmiers 600\u20ac<\/em><\/h5><\/li><li><h5><em>Dal Cayrou 1000\u20ac<\/em><\/h5><\/li><li><h5><em>Est\u00e8ve 1000\u20ac<\/em><\/h5><\/li><li><h5><em>Saint-Cirice<\/em> 1000\u20ac<\/h5><\/li><\/ul><\/li><\/ul>\t\t\t\t\t\t\t\t<\/div>\n\t\t\t\t<\/div>\n\t\t\t\t\t<\/div>\n\t\t<\/div>\n\t\t\t\t\t<\/div>\n\t\t<\/section>\n\t\t\t\t<div class=\"elementor-element elementor-element-fba75fc elementor-widget elementor-widget-heading\" data-id=\"fba75fc\" data-element_type=\"widget\" data-e-type=\"widget\" data-widget_type=\"heading.default\">\n\t\t\t\t<div class=\"elementor-widget-container\">\n\t\t\t\t\t<h2 class=\"elementor-heading-title elementor-size-default\">Important<\/h2>\t\t\t\t<\/div>\n\t\t\t\t<\/div>\n\t\t\t\t<div class=\"elementor-element elementor-element-07e15b7 elementor-widget elementor-widget-heading\" data-id=\"07e15b7\" data-element_type=\"widget\" data-e-type=\"widget\" data-widget_type=\"heading.default\">\n\t\t\t\t<div class=\"elementor-widget-container\">\n\t\t\t\t\t<h5 class=\"elementor-heading-title elementor-size-default\">Pour toutes demandes particuli\u00e8res, relatives \u00e0 la dur\u00e9e ou \u00e0 la saison de votre s\u00e9jour, contactez-nous au + 33 (0)6.85.12.84.57<\/h5>\t\t\t\t<\/div>\n\t\t\t\t<\/div>\n\t\t\t\t\t<\/div>\n\t\t<\/div>\n\t\t\t\t\t<\/div>\n\t\t<\/section>\n\t\t\t\t<section class=\"elementor-section elementor-top-section elementor-element elementor-element-2581000 elementor-section-boxed elementor-section-height-default elementor-section-height-default\" data-id=\"2581000\" data-element_type=\"section\" data-e-type=\"section\">\n\t\t\t\t\t\t<div class=\"elementor-container elementor-column-gap-default\">\n\t\t\t\t\t<div class=\"elementor-column elementor-col-100 elementor-top-column elementor-element elementor-element-df653d4\" data-id=\"df653d4\" data-element_type=\"column\" data-e-type=\"column\">\n\t\t\t<div class=\"elementor-widget-wrap elementor-element-populated\">\n\t\t\t\t\t\t<div class=\"elementor-element elementor-element-b1633d2 elementor-widget elementor-widget-heading\" data-id=\"b1633d2\" data-element_type=\"widget\" data-e-type=\"widget\" data-widget_type=\"heading.default\">\n\t\t\t\t<div class=\"elementor-widget-container\">\n\t\t\t\t\t<h1 class=\"elementor-heading-title elementor-size-default\">Conditions de paiement<\/h1>\t\t\t\t<\/div>\n\t\t\t\t<\/div>\n\t\t\t\t\t<\/div>\n\t\t<\/div>\n\t\t\t\t\t<\/div>\n\t\t<\/section>\n\t\t\t\t<section class=\"elementor-section elementor-top-section elementor-element elementor-element-1d6bc16 elementor-section-boxed elementor-section-height-default elementor-section-height-default\" data-id=\"1d6bc16\" data-element_type=\"section\" data-e-type=\"section\">\n\t\t\t\t\t\t<div class=\"elementor-container elementor-column-gap-default\">\n\t\t\t\t\t<div class=\"elementor-column elementor-col-100 elementor-top-column elementor-element elementor-element-7ca2d88\" data-id=\"7ca2d88\" data-element_type=\"column\" data-e-type=\"column\">\n\t\t\t<div class=\"elementor-widget-wrap elementor-element-populated\">\n\t\t\t\t\t\t<div class=\"elementor-element elementor-element-c5864a9 elementor-widget elementor-widget-text-editor\" data-id=\"c5864a9\" data-element_type=\"widget\" data-e-type=\"widget\" data-widget_type=\"text-editor.default\">\n\t\t\t\t<div class=\"elementor-widget-container\">\n\t\t\t\t\t\t\t\t\t<p><strong>Un acompte de 30 % est demand\u00e9 \u00e0 la r\u00e9servation.<\/strong><\/p><p><strong>La r\u00e9servation est effective une fois l&#8217;acompte encaiss\u00e9.<\/strong><\/p><p>Le solde du montant du loyer <em>sera<\/em> vers\u00e9 par le locataire au plus tard <strong>15 jours avant la date d\u2019arriv\u00e9e<\/strong> dans le logement<strong> par virement bancaire ou par carte bancaire par lien s\u00e9curis\u00e9.<\/strong><\/p><p><strong> Pour le r\u00e8glement en ch\u00e8ques vacances, ils devront \u00eatre envoy\u00e9s au propri\u00e9taire 1 mois avant l\u2019arriv\u00e9e dans le logement.<\/strong><\/p><p>Frais d&#8217;annulation (se reporter aux CGV).<\/p>\t\t\t\t\t\t\t\t<\/div>\n\t\t\t\t<\/div>\n\t\t\t\t\t<\/div>\n\t\t<\/div>\n\t\t\t\t\t<\/div>\n\t\t<\/section>\n\t\t\t\t<\/div>\n\t\t","protected":false},"excerpt":{"rendered":"<p>Nos conditions commerciales Conditions commerciales Conditions pour toutes les villas Location \u00e0 la semaine Se reporter aux tarifs indiqu\u00e9s pour chaque villa. Minimum 3 nuit\u00e9es pour la p\u00e9riode de janvier \u00e0 mi-juin. Minimum 7 nuit\u00e9es de mi- juin \u00e0 septembre. Location par week-end Se reporter aux tarifs indiqu\u00e9s pour chaque villa. Disponible du vendredi 18h [&hellip;]<\/p>\n","protected":false},"author":3,"featured_media":0,"parent":0,"menu_order":0,"comment_status":"closed","ping_status":"closed","template":"elementor_canvas","meta":{"om_disable_all_campaigns":false,"_monsterinsights_skip_tracking":false,"_monsterinsights_sitenote_active":false,"_monsterinsights_sitenote_note":"","_monsterinsights_sitenote_category":0,"footnotes":""},"class_list":["post-18436","page","type-page","status-publish","hentry"],"_links":{"self":[{"href":"https:\/\/villasoccitanes.com\/en\/wp-json\/wp\/v2\/pages\/18436","targetHints":{"allow":["GET"]}}],"collection":[{"href":"https:\/\/villasoccitanes.com\/en\/wp-json\/wp\/v2\/pages"}],"about":[{"href":"https:\/\/villasoccitanes.com\/en\/wp-json\/wp\/v2\/types\/page"}],"author":[{"embeddable":true,"href":"https:\/\/villasoccitanes.com\/en\/wp-json\/wp\/v2\/users\/3"}],"replies":[{"embeddable":true,"href":"https:\/\/villasoccitanes.com\/en\/wp-json\/wp\/v2\/comments?post=18436"}],"version-history":[{"count":2,"href":"https:\/\/villasoccitanes.com\/en\/wp-json\/wp\/v2\/pages\/18436\/revisions"}],"predecessor-version":[{"id":18439,"href":"https:\/\/villasoccitanes.com\/en\/wp-json\/wp\/v2\/pages\/18436\/revisions\/18439"}],"wp:attachment":[{"href":"https:\/\/villasoccitanes.com\/en\/wp-json\/wp\/v2\/media?parent=18436"}],"curies":[{"name":"wp","href":"https:\/\/api.w.org\/{rel}","templated":true}]}}