{"id":18248,"date":"2020-12-02T11:26:50","date_gmt":"2020-12-02T10:26:50","guid":{"rendered":"https:\/\/villasoccitanes.com\/general-terms-and-conditions-of-sale\/"},"modified":"2026-03-22T11:43:29","modified_gmt":"2026-03-22T10:43:29","slug":"general-terms-and-conditions-of-sale","status":"publish","type":"page","link":"https:\/\/villasoccitanes.com\/en\/general-terms-and-conditions-of-sale\/","title":{"rendered":"general terms and conditions of sale"},"content":{"rendered":"\t\t<div data-elementor-type=\"wp-page\" data-elementor-id=\"18248\" class=\"elementor elementor-18248 elementor-12788\" data-elementor-post-type=\"page\">\n\t\t\t\t\t\t<section class=\"elementor-section elementor-top-section elementor-element elementor-element-65408300 elementor-section-boxed elementor-section-height-default elementor-section-height-default\" data-id=\"65408300\" data-element_type=\"section\" data-e-type=\"section\">\n\t\t\t\t\t\t<div class=\"elementor-container elementor-column-gap-default\">\n\t\t\t\t\t<div class=\"elementor-column elementor-col-100 elementor-top-column elementor-element elementor-element-46bd4adf\" data-id=\"46bd4adf\" data-element_type=\"column\" data-e-type=\"column\">\n\t\t\t<div class=\"elementor-widget-wrap elementor-element-populated\">\n\t\t\t\t\t\t<div class=\"elementor-element elementor-element-21fa89ef elementor-widget elementor-widget-text-editor\" data-id=\"21fa89ef\" data-element_type=\"widget\" data-e-type=\"widget\" data-widget_type=\"text-editor.default\">\n\t\t\t\t<div class=\"elementor-widget-container\">\n\t\t\t\t\t\t\t\t\t<h3><strong>\u00a0 \u00a0 \u00a0 \u00a0 \u00a0 \u00a0 \u00a0 \u00a0 \u00a0 \u00a0 \u00a0 \u00a0 \u00a0 \u00a0 \u00a0 \u00a0 \u00a0 \u00a0 \u00a0 \u00a0 \u00a0 \u00a0Conditions g\u00e9n\u00e9rales de ventes &#8220;VILLAS OCCITANES&#8221;<\/strong><\/h3><p><strong><em>Article 1<\/em><\/strong> &#8211; Cette r\u00e9servation de location saisonni\u00e8re est r\u00e9serv\u00e9e \u00e0 l&#8217;usage exclusif de la location d\u2019h\u00e9bergements en direct sur Villas Occitanes.<\/p><p><strong><em>Article <\/em><\/strong><strong><em>2<\/em><\/strong> &#8211; D<strong>ur\u00e9e du s\u00e9jour<\/strong>\u00a0: Le locataire loue notre logement pour une dur\u00e9e d\u00e9termin\u00e9e et ne pourra en aucune circonstance se pr\u00e9valoir d&#8217;un quelconque droit au maintien dans les lieux \u00e0 l&#8217;issue du s\u00e9jour. D\u2019une mani\u00e8re g\u00e9n\u00e9rale, la location ne pourra \u00eatre prorog\u00e9e sans l\u2019accord pr\u00e9alable et \u00e9crit du propri\u00e9taire, le locataire l\u2019acceptant ainsi.<\/p><p><strong><em>Article 3<\/em><\/strong><strong> &#8211; Conclusion de la r\u00e9servation<\/strong>\u00a0: La r\u00e9servation devient effective d\u00e8s lors que le locataire aura fait parvenir au propri\u00e9taire un acompte de 30 % du montant total de la location et accept\u00e9 les conditions de r\u00e9servations.<\/p><p><strong>Article 4<\/strong> \u2013 <strong>R\u00e8glement du prix<\/strong> : Un acompte de 30 % est demand\u00e9 \u00e0 la r\u00e9servation, le solde du montant du loyer, <em>sera<\/em>\u00a0vers\u00e9 par le locataire\u00a0<strong>15 jours avant la date d&#8217;arriv\u00e9e\u00a0(1 mois avant l\u2019arriv\u00e9e pour le r\u00e8glement par ch\u00e8ques vacances)\u00a0<\/strong>dans le logement.<\/p><p>Le locataire effectuera ce versement par carte de cr\u00e9dit ou virement bancaire.<\/p><p>La location conclue entre les parties ne peut en aucun cas b\u00e9n\u00e9ficier m\u00eame partiellement \u00e0 des tiers, personnes physiques ou morales, sauf accord \u00e9crit du propri\u00e9taire.<\/p><p><strong><u>C<\/u><\/strong><strong><u>oordonn\u00e9es bancaires (RIB) du propri\u00e9taire<\/u><\/strong><strong> : Sur demande pour tout r\u00e8glement par virement bancaire.<\/strong><\/p><p>Toute infraction \u00e0 ce dernier alin\u00e9a serait susceptible d&#8217;entra\u00eener la r\u00e9siliation imm\u00e9diate de la location aux torts du locataire, le produit de la location restant d\u00e9finitivement acquis au propri\u00e9taire.<\/p><p><strong><em>Article 5<\/em><\/strong><strong><em> &#8211; A<\/em><\/strong><strong>bsence de r\u00e9tractation<\/strong>\u00a0: Pour les r\u00e9servations effectu\u00e9es par courrier, par t\u00e9l\u00e9phone ou par internet, le locataire ne b\u00e9n\u00e9ficie pas du d\u00e9lai de r\u00e9tractation, et ce conform\u00e9ment \u00e0 l\u2019article L121-21-8 du code de la consommation relatif notamment aux prestations de services d\u2019h\u00e9bergement fournies \u00e0 une date ou selon une p\u00e9riodicit\u00e9 d\u00e9termin\u00e9e.<\/p><p><strong>Article 6\u00a0\u2013<\/strong>\u00a0<strong>Annulation par le locataire<\/strong>\u00a0: Toute annulation doit \u00eatre notifi\u00e9e au propri\u00e9taire.<\/p><p><strong>Article 6.1\u00a0\u2013<\/strong>\u00a0<strong>Conditions d\u2019annulation pour les villas \u00ab\u00a0Domaine dal cayrou\u00a0\u00bb, \u00ab\u00a0Villa Est\u00e8ve\u00a0\u00bb\u00a0, \u00ab\u00a0Villa Saint Cirice\u00a0\u00bb<\/strong>\u00a0:<\/p><p><strong>A) Long s\u00e9jour (s\u00e9jours sup\u00e9rieurs \u00e0 3 jours)<\/strong><\/p><ol><li>Annulation <strong><u>30 jours avant<\/u><\/strong><strong><u> la date d\u2019arriv\u00e9e<\/u><\/strong><strong>:<\/strong><\/li><li>Annulation <strong><u>entre 15 jours et 30 jours<\/u><\/strong><strong><u> avant la date d\u2019arriv\u00e9e<\/u><\/strong><strong>: <\/strong>L\u2019annulation est gratuite.\u00a0 \u00a0<strong>Le s\u00e9jour est rembours\u00e9 \u00e0 100%<\/strong> au locataire.<\/li><\/ol><p>\u00a0 \u00a0 \u00a0 3. Annulation <strong><u>15 jours avant <\/u><\/strong><strong><u>la date d\u2019arriv\u00e9e<\/u><\/strong><strong>:<\/strong><\/p><p><u>En cas de probl\u00e8me rencontr\u00e9 par le locataire<\/u>\u00a0:<\/p><p>Le s\u00e9jour est <strong>rembours\u00e9 \u00e0 15% au locataire<\/strong> pour les cas suivant seulement\u00a0:<\/p><p>-cas de force majeur (catastrophe naturelle)<\/p><p>-Hospitalisation\/maladie grave, accident grave ou d\u00e9c\u00e8s d\u2019un membre de la famille proche. Une preuve sera demand\u00e9e.<\/p><p><u>En cas d\u2019annulation volontaire du locataire<\/u>\u00a0:<\/p><p>Vous resterez redevable de 100% du s\u00e9jour <strong>SAUF SI<\/strong>\u00a0nous trouvons un autre locataire de remplacement avec les m\u00eames prix\u00a0\ud83d\ude0a.<\/p><p>Si nous devons louer moins cher, <strong>vous restez redevable seulement de la diff\u00e9rence\u00a0<\/strong><strong>\ud83d\ude0a<\/strong><strong>.<\/strong><\/p><p>\u00a0<\/p><p>B) <strong>Court s\u00e9jour (s\u00e9jours inf\u00e9rieurs ou \u00e9gale \u00e0 3 jours)<\/strong><\/p><p><u>En cas de probl\u00e8me rencontr\u00e9 par le locataire<\/u>\u00a0:<\/p><p>Le s\u00e9jour est <strong>rembours\u00e9 \u00e0 15% au locataire<\/strong> pour les cas suivant seulement\u00a0:<\/p><p>-cas de force majeur (catastrophe naturelle)<\/p><p>-Hospitalisation\/maladie grave, accident grave ou d\u00e9c\u00e8s d\u2019un membre de la famille proche. Une preuve sera demand\u00e9e.<\/p><p><u>En cas d\u2019annulation volontaire du locataire<\/u>\u00a0:<\/p><p>Vous resterez redevable de 100% du s\u00e9jour <strong>SAUF SI<\/strong>\u00a0nous trouvons un autre locataire de remplacement avec les m\u00eames prix\u00a0\ud83d\ude0a.<\/p><p>Si nous devons louer moins cher, <strong>vous restez redevable seulement de la diff\u00e9rence\u00a0<\/strong><strong>\ud83d\ude0a.<\/strong><\/p><p><strong>B) Court \u00a0s\u00e9jour (s\u00e9jours inf\u00e9rieurs ou \u00e9gale \u00e0 3 jours)<\/strong><\/p><ol><li>Annulation <strong><u>7 jours avant<\/u><\/strong><strong><u> la date d\u2019arriv\u00e9e<\/u><\/strong><strong>: <\/strong>L\u2019annulation est gratuite.<\/li><\/ol><p><strong>Le s\u00e9jour est rembours\u00e9 \u00e0 100%<\/strong> au locataire.<\/p><p>\u00a0 \u00a0 \u00a0 2. Annulation <strong><u>entre 7 jours et 48 heure<\/u><\/strong><strong><u> avant la date d\u2019arriv\u00e9e: <\/u><\/strong><u>L\u2019annulation<\/u>\u00a0est gratuite.<\/p><p><u>En cas de probl\u00e8me rencontr\u00e9 par le locataire<\/u> :\u00a0<\/p><p>Le s\u00e9jour est <strong>rembours\u00e9 \u00e0 50% au locataire<\/strong> pour les cas suivant seulement\u00a0:<\/p><p>-cas de force majeur (catastrophe naturelle)<\/p><p>-Hospitalisation\/maladie grave, accident grave ou d\u00e9c\u00e8s d\u2019un membre de la famille proche. Une preuve sera demand\u00e9e.<\/p><p>\u00a0 \u00a0 \u00a03. Annulation <strong><u>15 jours avant <\/u><\/strong><strong><u>la date d\u2019arriv\u00e9e<\/u><\/strong><strong>:<\/strong><\/p><p><u>En cas de probl\u00e8me rencontr\u00e9 par le locataire<\/u>\u00a0:<\/p><p>Le s\u00e9jour est <strong>rembours\u00e9 \u00e0 15% au locataire<\/strong> pour les cas suivant seulement\u00a0:<\/p><p>-cas de force majeur (catastrophe naturelle)<\/p><p>-Hospitalisation\/maladie grave, accident grave ou d\u00e9c\u00e8s d\u2019un membre de la famille proche. Une preuve sera demand\u00e9e.<\/p><p><strong><u>Dans tous les cas\u00a0:<\/u><\/strong><\/p><p>Si le locataire ne se manifeste pas dans les 24 heures qui suivent la date d\u2019arriv\u00e9e, le propri\u00e9taire peut disposer de son h\u00e9bergement.L\u2019acompte reste \u00e9galement acquis au propri\u00e9taire qui demandera le paiement du solde de la location.<\/p><p>Si le s\u00e9jour est \u00e9court\u00e9, le prix de la location reste acquis au propri\u00e9taire. Il ne sera proc\u00e9d\u00e9 \u00e0 aucun remboursement.<\/p><p><strong>RESERVATIONS VIA LES PLATEFORMES (Airbnb, Abritel, TripAdvisor\u2026.) LES CONDITIONS D\u2019ANNULATION SONT PROPRES A CHAQUE PLATEFORMES<\/strong><\/p><p><strong>C. Conditions d&#8217;annulation pour les villas : Laviste,Les Ch\u00eanes, Les Cayrous, Les Buis, Les Palmiers :<\/strong><\/p><p>\u00a0Si l&#8217;annulation intervient moins de 30 jours avant la date d&#8217;arriv\u00e9e pr\u00e9vue d&#8217;entr\u00e9e dans les lieux, le Propri\u00e9taire pourra demander le solde du montant du s\u00e9jour et l&#8217;acompte restera acquis. Le propri\u00e9taire pourra demander le solde du s\u00e9jour.<\/p><p><strong>En cas de force majeur : Catastrophe naturelle, hospitalisation\/maladie grave, accident grave ou d\u00e9c\u00e8s. Toutes sommes vers\u00e9es seront rembours\u00e9es. Une preuve sera demand\u00e9e.<\/strong><\/p><p><strong><u>Dans tous les cas\u00a0:<\/u><\/strong><\/p><p>Si le locataire ne se manifeste pas dans les 24 heures qui suivent la date d\u2019arriv\u00e9e, le propri\u00e9taire peut disposer de son h\u00e9bergement.L\u2019acompte reste \u00e9galement acquis au propri\u00e9taire qui demandera le paiement du solde de la location.<\/p><p>Si le s\u00e9jour est \u00e9court\u00e9, le prix de la location reste acquis au propri\u00e9taire. Il ne sera proc\u00e9d\u00e9 \u00e0 aucun remboursement.<\/p><p><strong>RESERVATIONS VIA LES PLATEFORMES (Airbnb, Abritel, TripAdvisor\u2026.) LES CONDITIONS D\u2019ANNULATION SONT PROPRES A CHAQUE PLATEFORMES<\/strong><\/p><p><strong>\u00a0<\/strong><strong><em>Article 7<\/em><\/strong><strong>\u00a0&#8211; Arriv\u00e9e\u00a0<\/strong>: Le locataire doit se pr\u00e9senter \u00e0 la date et \u00e0 l\u2019heure indiqu\u00e9es \u00e0 la r\u00e9servation.<\/p><p>Une personne charg\u00e9e de l\u2019accueil re\u00e7oit le locataire pour les formalit\u00e9s d\u2019arriv\u00e9e.<\/p><p>Le locataire doit se pr\u00e9senter le jour et \u00e0 l\u2019heure pr\u00e9cis\u00e9 lors de sa r\u00e9servation.<\/p><p>Le locataire pr\u00e9viendra imp\u00e9rativement la personne charg\u00e9e de son accueil pour tout retard de son heure d\u2019arriv\u00e9e. En cas de retard abusif, le co\u00fbt des heures d\u2019attente (25\u20ac l\u2019heure) lui sera r\u00e9percut\u00e9.<\/p><p><strong>Article 8<\/strong> &#8211; <strong>L\u2019\u00e9tat des lieux\u00a0:<\/strong> est \u00e9tabli contradictoirement entre les parties, \u00e0 l\u2019entr\u00e9e dans les lieux du locataire et \u00e0 la lib\u00e9ration des locaux par le locataire.<\/p><p>A ce sujet, il est pr\u00e9cis\u00e9 que les meubles et objets mobiliers ne doivent souffrir que de la d\u00e9pr\u00e9ciation provenant de l\u2019usage normal auquel ils sont destin\u00e9s. Tout objet, mat\u00e9riel ou \u00e9quipement \u00e9lectrom\u00e9nager perdu, cass\u00e9, d\u00e9t\u00e9rior\u00e9 ou ab\u00eem\u00e9 devra \u00eatre remplac\u00e9 ou rembours\u00e9.<\/p><p>Le nettoyage des locaux est \u00e0 la charge du locataire pendant la p\u00e9riode de location. Un forfait m\u00e9nage \u2013 lingerie \u00ab fin de s\u00e9jour de 110\u20ac ou 170\u20ac selon l\u2019h\u00e9bergement \u00bb est demand\u00e9.<\/p><p>Le propri\u00e9taire peut appliquer une retenue sur la caution \u00e0 raison de 25\u20ac\/l\u2019heure de m\u00e9nage en cas malpropret\u00e9 excessive (crasse, t\u00e2ches sur les murs, d\u00e9chets laiss\u00e9s sur place et lave-vaisselle non vid\u00e9s&#8230;).<\/p><p><strong><em>Article 9<\/em><\/strong><strong><em>\u00a0<\/em><\/strong><strong>&#8211; D\u00e9p\u00f4t de garantie (caution)<\/strong> :\u00a0<\/p><p>Pour les villas &#8220;Dal Cayrou&#8221;, &#8220;Est\u00e8ve&#8221;, Saint-Cirice :\u00a0 le d\u00e9p\u00f4t de garantie est de 1200\u20ac (non encaiss\u00e9). Une empreinte de carte bancaire sera demand\u00e9e par lien s\u00e9curis\u00e9 systempay quelques jours avant l\u2019arriv\u00e9e.<\/p><p>Pour les villas : &#8220;Laviste&#8221;, &#8220;Les Ch\u00eanes&#8221;, &#8220;Les Cayrous&#8221;, &#8220;Les Palmiers&#8221; : le d\u00e9p\u00f4t de garantie est de 1000\u20ac (non encaiss\u00e9). Une empreinte de carte bancaire sera demand\u00e9e par lien s\u00e9curis\u00e9 systempay 15 jours avant l&#8217;arriv\u00e9e.<\/p><p><strong><em>Article 10<\/em><\/strong><strong>&#8211; Utilisation des lieux <\/strong>: Le locataire devra assurer le caract\u00e8re paisible de la location et en faire usage conform\u00e9ment \u00e0 la destination des lieux.<\/p><p>Le locataire assumera, en plus des frais de location, tout d\u00e9g\u00e2t caus\u00e9 au logement, ainsi que le co\u00fbt de remplacement de tout objet perdu, d\u00e9truit ou d\u00e9t\u00e9rior\u00e9. Le locataire r\u00e9pond de tout dommage que lui ou les personnes l\u2019accompagnant pourraient causer intentionnellement ou par n\u00e9gligence.<\/p><p>&#8211; Le preneur ne pourra s\u2019opposer \u00e0 la visite des locaux si le Bailleur ou son mandataire en font la demande.<\/p><p><strong><em>Article 11<\/em><\/strong><strong>&#8211; Capacit\u00e9<\/strong>\u00a0: Le logement ne doit, sous aucun pr\u00e9texte, \u00eatre occup\u00e9 par un nombre de personnes sup\u00e9rieur \u00e0 celui indiqu\u00e9 sur la r\u00e9servation, sauf accord pr\u00e9alable et exceptionnel du propri\u00e9taire. Le cas \u00e9ch\u00e9ant, le propri\u00e9taire pourra r\u00e9clamer un suppl\u00e9ment de 60\u20ac par nuit\u00e9e et par personne suppl\u00e9mentaire, voire de refuser la mise \u00e0 disposition de l\u2019h\u00e9bergement s\u2019il ne peut s\u2019assurer que le locataire respectera le nombre maximum de personnes pr\u00e9vu pour la location de l\u2019h\u00e9bergement et, dans ce cas, aucun remboursement quel qu\u2019il soit au locataire ne pourra \u00eatre envisag\u00e9.<\/p><p><strong><em>Article 12<\/em><\/strong><strong><em> \u2013 A<\/em><\/strong><strong>ccueil des animaux<\/strong>\u00a0: Le locataire est tenu d\u2019indiquer \u00e0 la r\u00e9servation la pr\u00e9sence d\u2019un animal domestique. En cas de non-respect de cette clause, le propri\u00e9taire peut refuser le s\u00e9jour\u00a0: aucun remboursement ne sera alors effectu\u00e9.<\/p><p><strong><em>Article 13<\/em><\/strong><strong> &#8211; Assurances<\/strong> : Le locataire est responsable de tous les dommages survenant de son fait. Il est tenu d\u2019\u00eatre assur\u00e9 par un contrat d\u2019assurance type vill\u00e9giature qui lui permet d\u2019avoir le m\u00eame type de couverture (sans d\u00e9duction sur la caution) contre les dommages que l\u2019assurance propos\u00e9e sur les plateformes. (Une attestation sera demand\u00e9e \u00e0 la r\u00e9servation).<\/p><p>Le locataire ne pourra exercer aucun recours contre le propri\u00e9taire en cas de vol et d\u00e9pr\u00e9dations dans les lieux lou\u00e9s.<\/p><p><strong>Article 14 \u2013 Nuisances<\/strong>\u00a0: Le propri\u00e9taire ne pourra \u00eatre tenu pour responsable du voisinage, des insectes, des mouches et moustiques \u00e9ventuels l\u2019\u00e9t\u00e9, des irr\u00e9gularit\u00e9s et\/ou du manque de jouissance pouvant survenir dans les services d\u2019\u00e9lectricit\u00e9 (coupure de l\u2019ADSL en cas de vent et\/ou intemp\u00e9ries), de t\u00e9l\u00e9phonie mobile, etc\u2026 et d\u00e9cline toute responsabilit\u00e9 pour manque de jouissance ne provenant pas de son fait.<\/p><p>De m\u00eame, le propri\u00e9taire ne pourra \u00eatre tenu pour responsable de l\u2019\u00e9ventuel mauvais temps, emp\u00eachant le locataire de profiter de l\u2019espace ext\u00e9rieur et de la piscine propos\u00e9 \u00e0 la location.<\/p><p><strong>Article 15<\/strong><strong>\u00a0: Le locataire <\/strong>s\u2019abstiendra de jeter dans les lavabos, baignoires, wcs et \u00e9viers des objets de nature \u00e0 obstruer les canalisations, faute de quoi, il sera redevable des frais occasionn\u00e9s pour la remise en service de ces \u00e9quipements.<\/p><p><strong>\u00a0<\/strong><strong>Article 16<\/strong>\u00a0<strong>\u2013 Espace piscine :<\/strong> Nos piscines r\u00e9pondent aux normes de s\u00e9curit\u00e9 (volet roulant, portillon, alarme immerg\u00e9e) impos\u00e9es par les dispositions l\u00e9gales en vigueur.<\/p><p>Nos piscines sont chauff\u00e9es du 1er juin au 30 septembre.<\/p><p>La temp\u00e9rature de l&#8217;eau est variable suivant les conditions climatiques et la temp\u00e9rature de l&#8217;air.<\/p><ul><li>Il appartient au locataire de prendre toutes les pr\u00e9cautions n\u00e9cessaires pour l\u2019utilisation de la piscine, en particulier s\u2019il s\u00e9journe avec de jeunes enfants, dont il doit assurer la surveillance. Il prend l\u2019enti\u00e8re responsabilit\u00e9 des cons\u00e9quences mat\u00e9rielles et corporelles qui pourraient d\u00e9couler d\u2019accidents ou autres incidents li\u00e9s \u00e0 l\u2019utilisation de la piscine, notamment pour la surveillance des baigneurs ne sachant pas nager ou ne ma\u00eetrisant pas cet art.<\/li><li>Le locataire reconna\u00eet d\u00e9gager enti\u00e8rement la responsabilit\u00e9 du propri\u00e9taire en cas d\u2019accident survenant \u00e0 lui-m\u00eame ou sa famille, ses amis.<\/li><li>Le locataire ne pourra introduire dans l\u2019espace piscine aucun animal, m\u00eame momentan\u00e9ment.<\/li><li>Le bain \u00e0 bulles est chauff\u00e9\u00a0 pour les villas &#8220;Dal Cayrou&#8221;, &#8220;Saint-Cirice&#8221; &#8220;Est\u00e8ve&#8221; toute l&#8217;ann\u00e9e (selon les conditions climatiques, la temp\u00e9rature de l&#8217;eau peut varier).<\/li><li>Le propri\u00e9taire demande au locataire de respecter les lieux, de refermer les parasols de plier la tonnelle, (risque de casse avec le vent).<\/li><li>Le locataire s\u2019engage \u00e0 ne pas utiliser dans la piscine, des palmes ou tout objets pouvant endommager le liner.<\/li><li>Notre logement mis \u00e0 la location et notre espace piscine \u00e9tant des lieux priv\u00e9s, leur usage est r\u00e9serv\u00e9 exclusivement \u00e0 nos locataires pendant la dur\u00e9e du s\u00e9jour de leur location saisonni\u00e8re : Les invit\u00e9s et les visites de nos locataires n&#8217;y sont donc pas accept\u00e9s.<\/li><\/ul><p>\u00a0 \u00a0 \u00a0 \u00a0 \u00a0 \u00a0 \u00a0 \u00a0 \u00a0 \u00a0 \u00a0 \u00a0 \u00a0 \u00a0 \u00a0 \u00a0 \u00a0 Les Propri\u00e9taires,\u00a0 \u00a0 \u00a0 \u00a0 \u00a0 \u00a0 \u00a0 \u00a0 \u00a0 \u00a0 \u00a0 \u00a0 \u00a0 \u00a0 \u00a0 \u00a0 \u00a0 \u00a0 \u00a0 \u00a0 \u00a0 \u00a0 \u00a0 \u00a0 \u00a0 \u00a0 \u00a0 \u00a0 \u00a0 \u00a0 \u00a0 \u00a0 \u00a0 \u00a0 \u00a0 \u00a0 \u00a0 \u00a0 \u00a0 \u00a0 \u00a0 \u00a0 \u00a0 \u00a0 \u00a0 \u00a0 \u00a0 \u00a0 Le locataire, Nom et pr\u00e9nom<\/p><p>\u00a0 \u00a0 \u00a0 \u00a0 \u00a0 \u00a0 \u00a0 \u00a0 \u00a0 \u00a0 \u00a0 \u00a0 \u00a0 \u00a0 \u00a0 \u00a0 \u00a0 \u00a0Villas Occitanes\u00a0 \u00a0 \u00a0 \u00a0 \u00a0 \u00a0 \u00a0 \u00a0 \u00a0 \u00a0 \u00a0 \u00a0 \u00a0 \u00a0 \u00a0 \u00a0 \u00a0 \u00a0 \u00a0 \u00a0 \u00a0 \u00a0 \u00a0 \u00a0 \u00a0 \u00a0 \u00a0 \u00a0 \u00a0 \u00a0 \u00a0 \u00a0 \u00a0 \u00a0 \u00a0 \u00a0 \u00a0 \u00a0 \u00a0 \u00a0 \u00a0 \u00a0 \u00a0 \u00a0 \u00a0 \u00a0 \u00a0 \u00a0 \u00a0\u00ab\u00a0Lu et approuv\u00e9\u00a0\u00bb<\/p><p>\u00a0 \u00a0 \u00a0 \u00a0 \u00a0 \u00a0 \u00a0 \u00a0 \u00a0 \u00a0 \u00a0 \u00a0 \u00a0 \u00a0 \u00a0 \u00a0 \u00a0 \u00a0 \u00a0 \u00a0 \u00a0 \u00a0 \u00a0 \u00a0 \u00a0 \u00a0 \u00a0 \u00a0 \u00a0 \u00a0 \u00a0 \u00a0 \u00a0 \u00a0 \u00a0 \u00a0 \u00a0 \u00a0 \u00a0 \u00a0 \u00a0 \u00a0 \u00a0 \u00a0 \u00a0 \u00a0 \u00a0 \u00a0 \u00a0 \u00a0 \u00a0 \u00a0 \u00a0 \u00a0 \u00a0 \u00a0 \u00a0 \u00a0 \u00a0 \u00a0 \u00a0 \u00a0 \u00a0 \u00a0 \u00a0 \u00a0 \u00a0 \u00a0 \u00a0 \u00a0 \u00a0 \u00a0 \u00a0 \u00a0 \u00a0 \u00a0 \u00a0 \u00a0 \u00a0 \u00a0 \u00a0 Date et signatures<\/p>\t\t\t\t\t\t\t\t<\/div>\n\t\t\t\t<\/div>\n\t\t\t\t<div class=\"elementor-element elementor-element-576dd5e elementor-widget elementor-widget-heading\" data-id=\"576dd5e\" data-element_type=\"widget\" data-e-type=\"widget\" data-widget_type=\"heading.default\">\n\t\t\t\t<div class=\"elementor-widget-container\">\n\t\t\t\t\t<h4 class=\"elementor-heading-title elementor-size-default\">\n<\/h4>\t\t\t\t<\/div>\n\t\t\t\t<\/div>\n\t\t\t\t<div class=\"elementor-element elementor-element-77934d8 elementor-widget elementor-widget-text-editor\" data-id=\"77934d8\" data-element_type=\"widget\" data-e-type=\"widget\" data-widget_type=\"text-editor.default\">\n\t\t\t\t<div class=\"elementor-widget-container\">\n\t\t\t\t\t\t\t\t\t<h3><strong>\u00a0 \u00a0 \u00a0 \u00a0 \u00a0 \u00a0 \u00a0 \u00a0 \u00a0 \u00a0 \u00a0 \u00a0 \u00a0 \u00a0 \u00a0 \u00a0 \u00a0 \u00a0 \u00a0 \u00a0 \u00a0 \u00a0 \u00a0 \u00a0 \u00a0 \u00a0 \u00a0 \u00a0 \u00a0 \u00a0 \u00a0<\/strong><\/h3><p>.<span style=\"font-size: 1.4rem; font-weight: 300; text-transform: none;\">\u00a0<\/span><\/p><p>\u00a0<\/p><p>.<\/p><p>\u00a0<\/p><p>\u00a0<\/p><p>\u00a0<\/p><p>\u00a0<\/p><p>\u00a0<\/p><p>\u00a0<\/p><p>\u00a0<\/p><p>\u00a0<\/p><p><span style=\"font-size: 1.2em; font-weight: 300; text-transform: none;\">.<\/span><\/p><p>\u00a0 \u00a0 \u00a0 \u00a0 \u00a0 \u00a0 \u00a0 \u00a0 \u00a0 \u00a0 \u00a0 \u00a0<\/p>\t\t\t\t\t\t\t\t<\/div>\n\t\t\t\t<\/div>\n\t\t\t\t\t<\/div>\n\t\t<\/div>\n\t\t\t\t\t<\/div>\n\t\t<\/section>\n\t\t\t\t<\/div>\n\t\t","protected":false},"excerpt":{"rendered":"<p>\u00a0 \u00a0 \u00a0 \u00a0 \u00a0 \u00a0 \u00a0 \u00a0 \u00a0 \u00a0 \u00a0 \u00a0 \u00a0 \u00a0 \u00a0 \u00a0 \u00a0 \u00a0 \u00a0 \u00a0 \u00a0 \u00a0Conditions g\u00e9n\u00e9rales de ventes &#8220;VILLAS OCCITANES&#8221; Article 1 &#8211; Cette r\u00e9servation de location saisonni\u00e8re est r\u00e9serv\u00e9e \u00e0 l&#8217;usage exclusif de la location d\u2019h\u00e9bergements en direct sur Villas Occitanes. Article 2 &#8211; Dur\u00e9e du s\u00e9jour\u00a0: [&hellip;]<\/p>\n","protected":false},"author":3,"featured_media":0,"parent":0,"menu_order":0,"comment_status":"closed","ping_status":"closed","template":"","meta":{"om_disable_all_campaigns":false,"_monsterinsights_skip_tracking":false,"_monsterinsights_sitenote_active":false,"_monsterinsights_sitenote_note":"","_monsterinsights_sitenote_category":0,"footnotes":""},"class_list":["post-18248","page","type-page","status-publish","hentry"],"_links":{"self":[{"href":"https:\/\/villasoccitanes.com\/en\/wp-json\/wp\/v2\/pages\/18248","targetHints":{"allow":["GET"]}}],"collection":[{"href":"https:\/\/villasoccitanes.com\/en\/wp-json\/wp\/v2\/pages"}],"about":[{"href":"https:\/\/villasoccitanes.com\/en\/wp-json\/wp\/v2\/types\/page"}],"author":[{"embeddable":true,"href":"https:\/\/villasoccitanes.com\/en\/wp-json\/wp\/v2\/users\/3"}],"replies":[{"embeddable":true,"href":"https:\/\/villasoccitanes.com\/en\/wp-json\/wp\/v2\/comments?post=18248"}],"version-history":[{"count":2,"href":"https:\/\/villasoccitanes.com\/en\/wp-json\/wp\/v2\/pages\/18248\/revisions"}],"predecessor-version":[{"id":18252,"href":"https:\/\/villasoccitanes.com\/en\/wp-json\/wp\/v2\/pages\/18248\/revisions\/18252"}],"wp:attachment":[{"href":"https:\/\/villasoccitanes.com\/en\/wp-json\/wp\/v2\/media?parent=18248"}],"curies":[{"name":"wp","href":"https:\/\/api.w.org\/{rel}","templated":true}]}}